{"id":34071,"date":"2021-06-30T20:51:59","date_gmt":"2021-06-30T19:51:59","guid":{"rendered":"https:\/\/thermalbeerspa.com\/szolgaltatasok\/"},"modified":"2026-02-03T12:31:02","modified_gmt":"2026-02-03T11:31:02","slug":"services","status":"publish","type":"page","link":"https:\/\/thermalbeerspa.com\/en\/services\/","title":{"rendered":"Services"},"content":{"rendered":"\t\t<div data-elementor-type=\"wp-page\" data-elementor-id=\"34071\" class=\"elementor elementor-34071 elementor-33314\" data-elementor-post-type=\"page\">\n\t\t\t\t\t\t<section class=\"elementor-section elementor-top-section elementor-element elementor-element-74555746 elementor-section-full_width elementor-section-height-min-height elementor-section-height-default elementor-section-items-middle\" data-id=\"74555746\" data-element_type=\"section\" data-settings=\"{&quot;shape_divider_bottom&quot;:&quot;mountains&quot;,&quot;background_background&quot;:&quot;classic&quot;}\">\n\t\t\t\t\t\t\t<div class=\"elementor-background-overlay\"><\/div>\n\t\t\t\t\t\t<div class=\"elementor-shape elementor-shape-bottom\" aria-hidden=\"true\" data-negative=\"false\">\n\t\t\t<svg xmlns=\"http:\/\/www.w3.org\/2000\/svg\" viewBox=\"0 0 1000 100\" preserveAspectRatio=\"none\">\n\t<path class=\"elementor-shape-fill\" opacity=\"0.33\" d=\"M473,67.3c-203.9,88.3-263.1-34-320.3,0C66,119.1,0,59.7,0,59.7V0h1000v59.7 c0,0-62.1,26.1-94.9,29.3c-32.8,3.3-62.8-12.3-75.8-22.1C806,49.6,745.3,8.7,694.9,4.7S492.4,59,473,67.3z\"\/>\n\t<path class=\"elementor-shape-fill\" opacity=\"0.66\" d=\"M734,67.3c-45.5,0-77.2-23.2-129.1-39.1c-28.6-8.7-150.3-10.1-254,39.1 s-91.7-34.4-149.2,0C115.7,118.3,0,39.8,0,39.8V0h1000v36.5c0,0-28.2-18.5-92.1-18.5C810.2,18.1,775.7,67.3,734,67.3z\"\/>\n\t<path class=\"elementor-shape-fill\" d=\"M766.1,28.9c-200-57.5-266,65.5-395.1,19.5C242,1.8,242,5.4,184.8,20.6C128,35.8,132.3,44.9,89.9,52.5C28.6,63.7,0,0,0,0 h1000c0,0-9.9,40.9-83.6,48.1S829.6,47,766.1,28.9z\"\/>\n<\/svg>\t\t<\/div>\n\t\t\t\t\t<div class=\"elementor-container elementor-column-gap-no\">\n\t\t\t\t\t<div class=\"elementor-column elementor-col-100 elementor-top-column elementor-element elementor-element-63ba97d7\" data-id=\"63ba97d7\" data-element_type=\"column\">\n\t\t\t<div class=\"elementor-widget-wrap elementor-element-populated\">\n\t\t\t\t\t\t<div class=\"elementor-element elementor-element-4990e299 elementor-widget elementor-widget-heading\" data-id=\"4990e299\" data-element_type=\"widget\" data-widget_type=\"heading.default\">\n\t\t\t\t\t<h2 class=\"elementor-heading-title elementor-size-default\"><strong>BEER SPA<\/strong>\n<br>\ninside Sz\u00e9chenyi and Luk\u00e1cs Bath<\/h2>\t\t\t\t<\/div>\n\t\t\t\t\t<\/div>\n\t\t<\/div>\n\t\t\t\t\t<\/div>\n\t\t<\/section>\n\t\t\t\t<section class=\"elementor-section elementor-top-section elementor-element elementor-element-c2b71c0 elementor-section-boxed elementor-section-height-default elementor-section-height-default\" data-id=\"c2b71c0\" data-element_type=\"section\">\n\t\t\t\t\t\t<div class=\"elementor-container elementor-column-gap-default\">\n\t\t\t\t\t<div class=\"elementor-column elementor-col-50 elementor-top-column elementor-element elementor-element-fe46874\" data-id=\"fe46874\" data-element_type=\"column\">\n\t\t\t<div class=\"elementor-widget-wrap elementor-element-populated\">\n\t\t\t\t\t\t<div class=\"elementor-element elementor-element-0308447 elementor-widget elementor-widget-menu-anchor\" data-id=\"0308447\" data-element_type=\"widget\" data-widget_type=\"menu-anchor.default\">\n\t\t\t\t\t\t\t<div class=\"elementor-menu-anchor\" id=\"lukacs-furdo\"><\/div>\n\t\t\t\t\t\t<\/div>\n\t\t\t\t<div class=\"elementor-element elementor-element-d1f8ca5 elementor-widget elementor-widget-heading\" data-id=\"d1f8ca5\" data-element_type=\"widget\" data-widget_type=\"heading.default\">\n\t\t\t\t\t<h2 class=\"elementor-heading-title elementor-size-default\"><strong>LUK\u00c1CS<\/strong> BEER SPA<\/h2>\t\t\t\t<\/div>\n\t\t\t\t<div class=\"elementor-element elementor-element-cfff523 elementor-widget elementor-widget-text-editor\" data-id=\"cfff523\" data-element_type=\"widget\" data-widget_type=\"text-editor.default\">\n\t\t\t\t\t\t\t\t\t<p><span style=\"font-weight: 400;\">Visit Luk\u00e1cs Bath to enjoy thermal bathing in a quiet area of Budapest. You can relax in dimly lit indoor pools, a sunny outdoor leisure pool, two outdoor swimming pools, and a rooftop terrace with sunbeds and showers.<\/span><\/p><p><span style=\"font-weight: 400;\">For a unique experience, try Luk\u00e1cs Beer Spa. It&#8217;s located inside the bath and features nine tubs, four changing rooms, and thermal showers.\u00a0<\/span><\/p>\t\t\t\t\t\t\t\t<\/div>\n\t\t\t\t\t<\/div>\n\t\t<\/div>\n\t\t\t\t<div class=\"elementor-column elementor-col-50 elementor-top-column elementor-element elementor-element-e39a0c2\" data-id=\"e39a0c2\" data-element_type=\"column\">\n\t\t\t<div class=\"elementor-widget-wrap elementor-element-populated\">\n\t\t\t\t\t\t<div class=\"elementor-element elementor-element-cd186ed elementor-widget elementor-widget-menu-anchor\" data-id=\"cd186ed\" data-element_type=\"widget\" data-widget_type=\"menu-anchor.default\">\n\t\t\t\t\t\t\t<div class=\"elementor-menu-anchor\" id=\"szechenyi-furdo\"><\/div>\n\t\t\t\t\t\t<\/div>\n\t\t\t\t<div class=\"elementor-element elementor-element-58b462e elementor-widget elementor-widget-heading\" data-id=\"58b462e\" data-element_type=\"widget\" data-widget_type=\"heading.default\">\n\t\t\t\t\t<h2 class=\"elementor-heading-title elementor-size-default\"><strong>SZ\u00c9CHENYI\n<\/strong> BEER SPA<\/h2>\t\t\t\t<\/div>\n\t\t\t\t<div class=\"elementor-element elementor-element-999ada1 elementor-widget elementor-widget-text-editor\" data-id=\"999ada1\" data-element_type=\"widget\" data-widget_type=\"text-editor.default\">\n\t\t\t\t\t\t\t\t\t<p><span style=\"font-weight: 400;\">Visit Sz\u00e9chenyi Bath, the largest thermal bath in Budapest, for a historical spa experience. Enjoy the 3 outdoor and 15 indoor pools, adventure pools, thermal baths, and saunas.\u00a0<\/span><\/p><p><span style=\"font-weight: 400;\">In Sz\u00e9chenyi Bath, there are two Beer Spas with 6 wooden tubs each. Guests can pour their own beer from taps next to the tubs. One Beer Spa is for those who buy Sz\u00e9chenyi tickets and the other is for those who only want beer bathing.\u00a0<\/span><\/p>\t\t\t\t\t\t\t\t<\/div>\n\t\t\t\t\t<\/div>\n\t\t<\/div>\n\t\t\t\t\t<\/div>\n\t\t<\/section>\n\t\t\t\t<section class=\"elementor-section elementor-top-section elementor-element elementor-element-6d0fa65 elementor-section-boxed elementor-section-height-default elementor-section-height-default\" data-id=\"6d0fa65\" data-element_type=\"section\">\n\t\t\t\t\t\t<div class=\"elementor-container elementor-column-gap-default\">\n\t\t\t\t\t<div class=\"elementor-column elementor-col-100 elementor-top-column elementor-element elementor-element-39bec58\" data-id=\"39bec58\" data-element_type=\"column\">\n\t\t\t<div class=\"elementor-widget-wrap elementor-element-populated\">\n\t\t\t\t\t\t<div class=\"elementor-element elementor-element-85c85e2 elementor-cta--layout-image-left elementor-cta--mobile-layout-image-above elementor-hidden-desktop elementor-cta--skin-classic elementor-animated-content elementor-bg-transform elementor-bg-transform-zoom-in elementor-widget elementor-widget-call-to-action\" data-id=\"85c85e2\" data-element_type=\"widget\" data-widget_type=\"call-to-action.default\">\n\t\t\t\t\t\t\t<div class=\"elementor-cta\">\n\t\t\t\t\t<div class=\"elementor-cta__bg-wrapper\">\n\t\t\t\t<div class=\"elementor-cta__bg elementor-bg\" style=\"background-image: url(https:\/\/thermalbeerspa.com\/wp-content\/uploads\/2021\/07\/beerspa-1.jpeg);\" role=\"img\" aria-label=\"beerspa 1\"><\/div>\n\t\t\t\t<div class=\"elementor-cta__bg-overlay\"><\/div>\n\t\t\t<\/div>\n\t\t\t\t\t\t\t<div class=\"elementor-cta__content\">\n\t\t\t\t\n\t\t\t\t\t\t\t\t\t<h2 class=\"elementor-cta__title elementor-cta__content-item elementor-content-item\">\n\t\t\t\t\t\t<strong>BEERSPA + SZ\u00c9CHENYI<\/strong> BATH TICKETS\t\t\t\t\t<\/h2>\n\t\t\t\t\n\t\t\t\t\t\t\t\t\t<div class=\"elementor-cta__description elementor-cta__content-item elementor-content-item\">\n\t\t\t\t\t\tLooking to relax and have fun in Budapest? Why not combine a visit to the famous Sz\u00e9chenyi Spa with a Beer Spa experience? Our friendly hosts will greet you at the entrance and provide a tour before directing you to a secure changing room for your belongings. You can choose the time of your 45-minute Beer Spa session, either before or after exploring the main spa, or in the middle of your day. Soak in a tub filled with dry beer ingredients mixed with thermal water, and enjoy unlimited beer from taps beside the tub. When your session ends, our staff will guide you back to Sz\u00e9chenyi Spa, where you can continue to relax until closing time.\t\t\t\t\t<\/div>\n\t\t\t\t\n\t\t\t\t\t\t\t\t\t<div class=\"elementor-cta__button-wrapper elementor-cta__content-item elementor-content-item \">\n\t\t\t\t\t<a class=\"elementor-cta__button elementor-button elementor-size-\" href=\"https:\/\/thermalbeerspa.com\/en\/product\/beerspa-and-szecheny-bath-tickets\/\">\n\t\t\t\t\t\tBOOK NOW\t\t\t\t\t<\/a>\n\t\t\t\t\t<\/div>\n\t\t\t\t\t\t\t<\/div>\n\t\t\t\t\t\t<\/div>\n\t\t\t\t\t\t<\/div>\n\t\t\t\t<div class=\"elementor-element elementor-element-4c88c27 elementor-cta--layout-image-left elementor-cta--mobile-layout-image-above elementor-hidden-tablet elementor-hidden-mobile elementor-cta--skin-classic elementor-animated-content elementor-bg-transform elementor-bg-transform-zoom-in elementor-widget elementor-widget-call-to-action\" data-id=\"4c88c27\" data-element_type=\"widget\" data-widget_type=\"call-to-action.default\">\n\t\t\t\t\t\t\t<div class=\"elementor-cta\">\n\t\t\t\t\t<div class=\"elementor-cta__bg-wrapper\">\n\t\t\t\t<div class=\"elementor-cta__bg elementor-bg\" style=\"background-image: url(https:\/\/thermalbeerspa.com\/wp-content\/uploads\/2021\/07\/beerspa-1.jpeg);\" role=\"img\" aria-label=\"beerspa 1\"><\/div>\n\t\t\t\t<div class=\"elementor-cta__bg-overlay\"><\/div>\n\t\t\t<\/div>\n\t\t\t\t\t\t\t<div class=\"elementor-cta__content\">\n\t\t\t\t\n\t\t\t\t\t\t\t\t\t<h2 class=\"elementor-cta__title elementor-cta__content-item elementor-content-item\">\n\t\t\t\t\t\t<strong>BEERSPA + SZ\u00c9CHENYI<\/strong> BATH TICKETS\t\t\t\t\t<\/h2>\n\t\t\t\t\n\t\t\t\t\t\t\t\t\t<div class=\"elementor-cta__description elementor-cta__content-item elementor-content-item\">\n\t\t\t\t\t\tLooking to relax and have fun in Budapest? Why not combine a visit to the famous Sz\u00e9chenyi Spa with a Beer Spa experience? Our friendly hosts will greet you at the entrance and provide a tour before directing you to a secure changing room for your belongings. You can choose the time of your 45-minute Beer Spa session, either before or after exploring the main spa, or in the middle of your day. Soak in a tub filled with dry beer ingredients mixed with thermal water, and enjoy unlimited beer from taps beside the tub. When your session ends, our staff will guide you back to Sz\u00e9chenyi Spa, where you can continue to relax until closing time.\t\t\t\t\t<\/div>\n\t\t\t\t\n\t\t\t\t\t\t\t\t\t<div class=\"elementor-cta__button-wrapper elementor-cta__content-item elementor-content-item \">\n\t\t\t\t\t<a class=\"elementor-cta__button elementor-button elementor-size-\" href=\"https:\/\/thermalbeerspa.com\/en\/product\/beerspa-and-szecheny-bath-tickets\/\">\n\t\t\t\t\t\tBOOK NOW\t\t\t\t\t<\/a>\n\t\t\t\t\t<\/div>\n\t\t\t\t\t\t\t<\/div>\n\t\t\t\t\t\t<\/div>\n\t\t\t\t\t\t<\/div>\n\t\t\t\t<div class=\"elementor-element elementor-element-b242ab5 elementor-cta--layout-image-left elementor-cta--mobile-layout-image-above elementor-cta--skin-classic elementor-animated-content elementor-bg-transform elementor-bg-transform-zoom-in elementor-widget elementor-widget-call-to-action\" data-id=\"b242ab5\" data-element_type=\"widget\" data-widget_type=\"call-to-action.default\">\n\t\t\t\t\t\t\t<div class=\"elementor-cta\">\n\t\t\t\t\t<div class=\"elementor-cta__bg-wrapper\">\n\t\t\t\t<div class=\"elementor-cta__bg elementor-bg\" style=\"background-image: url(https:\/\/thermalbeerspa.com\/wp-content\/uploads\/2020\/06\/4-013-1024x683.jpg);\" role=\"img\" aria-label=\"4-013\"><\/div>\n\t\t\t\t<div class=\"elementor-cta__bg-overlay\"><\/div>\n\t\t\t<\/div>\n\t\t\t\t\t\t\t<div class=\"elementor-cta__content\">\n\t\t\t\t\n\t\t\t\t\t\t\t\t\t<h2 class=\"elementor-cta__title elementor-cta__content-item elementor-content-item\">\n\t\t\t\t\t\t<b>BEERSPA <\/b> SESSION AT LUK\u00c1CS BATH\t\t\t\t\t<\/h2>\n\t\t\t\t\n\t\t\t\t\t\t\t\t\t<div class=\"elementor-cta__description elementor-cta__content-item elementor-content-item\">\n\t\t\t\t\t\tIf you're looking for a more intimate and exclusive spa experience, you should definitely consider the private Beer Spa session at Luk\u00e1cs Thermal Bath. This option allows you to skip the crowded main pools and instead indulge in a luxurious and private experience with unlimited beer and nourishing dry beer ingredients in the comfort of your own spa suite. \n\nDuring your 45-minute session, you can sit back and relax as the thermal water and beer ingredients work their magic on your skin and hair. \nSo if you're not in the mood for a public bath and want to take your spa experience to the next level, don't hesitate to book your private Beer Spa session at Luk\u00e1cs Thermal Bath.\n\t\t\t\t\t<\/div>\n\t\t\t\t\n\t\t\t\t\t\t\t\t\t<div class=\"elementor-cta__button-wrapper elementor-cta__content-item elementor-content-item \">\n\t\t\t\t\t<a class=\"elementor-cta__button elementor-button elementor-size-\" href=\"https:\/\/thermalbeerspa.com\/en\/product\/beerspa-session-at-lukacs\/\">\n\t\t\t\t\t\tBOOK NOW\t\t\t\t\t<\/a>\n\t\t\t\t\t<\/div>\n\t\t\t\t\t\t\t<\/div>\n\t\t\t\t\t\t<\/div>\n\t\t\t\t\t\t<\/div>\n\t\t\t\t<div class=\"elementor-element elementor-element-b1287f9 elementor-cta--layout-image-left elementor-cta--mobile-layout-image-above elementor-hidden-mobile elementor-hidden-tablet elementor-cta--skin-classic elementor-animated-content elementor-bg-transform elementor-bg-transform-zoom-in elementor-widget elementor-widget-call-to-action\" data-id=\"b1287f9\" data-element_type=\"widget\" data-widget_type=\"call-to-action.default\">\n\t\t\t\t\t\t\t<div class=\"elementor-cta\">\n\t\t\t\t\t<div class=\"elementor-cta__bg-wrapper\">\n\t\t\t\t<div class=\"elementor-cta__bg elementor-bg\" style=\"background-image: url(https:\/\/thermalbeerspa.com\/wp-content\/uploads\/2022\/05\/Sorfurdo.png);\" role=\"img\" aria-label=\"Sorfurdo\"><\/div>\n\t\t\t\t<div class=\"elementor-cta__bg-overlay\"><\/div>\n\t\t\t<\/div>\n\t\t\t\t\t\t\t<div class=\"elementor-cta__content\">\n\t\t\t\t\n\t\t\t\t\t\t\t\t\t<h2 class=\"elementor-cta__title elementor-cta__content-item elementor-content-item\">\n\t\t\t\t\t\t<strong>Beerspa + <\/strong> Luk\u00e1cs Bath Tickets \t\t\t\t\t<\/h2>\n\t\t\t\t\n\t\t\t\t\t\t\t\t\t<div class=\"elementor-cta__description elementor-cta__content-item elementor-content-item\">\n\t\t\t\t\t\tIndulge in 45 minutes of pure bliss as you soak in a tub filled with dry beer ingredients mixed with fresh thermal water, all while enjoying unlimited beer from the taps beside the tub. Once your Beer Spa session is over, our staff will guide you back inside Luk\u00e1cs Thermal Bath, where you can continue to unwind until closing time. Don't miss out on this unique and rejuvenating experience!\n\nLuk\u00e1cs Bath is a great option for those seeking a lesser-known public bath in Budapest with a more peaceful atmosphere.\n\n\n\t\t\t\t\t<\/div>\n\t\t\t\t\n\t\t\t\t\t\t\t\t\t<div class=\"elementor-cta__button-wrapper elementor-cta__content-item elementor-content-item \">\n\t\t\t\t\t<a class=\"elementor-cta__button elementor-button elementor-size-\" href=\"https:\/\/thermalbeerspa.com\/en\/product\/beerspa-lukacs-bath-ticket\/\">\n\t\t\t\t\t\tBook now\t\t\t\t\t<\/a>\n\t\t\t\t\t<\/div>\n\t\t\t\t\t\t\t<\/div>\n\t\t\t\t\t\t<\/div>\n\t\t\t\t\t\t<\/div>\n\t\t\t\t<div class=\"elementor-element elementor-element-b91b8d0 elementor-cta--layout-image-left elementor-cta--mobile-layout-image-above elementor-hidden-desktop elementor-cta--skin-classic elementor-animated-content elementor-bg-transform elementor-bg-transform-zoom-in elementor-widget elementor-widget-call-to-action\" data-id=\"b91b8d0\" data-element_type=\"widget\" data-widget_type=\"call-to-action.default\">\n\t\t\t\t\t\t\t<div class=\"elementor-cta\">\n\t\t\t\t\t<div class=\"elementor-cta__bg-wrapper\">\n\t\t\t\t<div class=\"elementor-cta__bg elementor-bg\" style=\"background-image: url(https:\/\/thermalbeerspa.com\/wp-content\/uploads\/2022\/05\/Sorfurdo.png);\" role=\"img\" aria-label=\"Sorfurdo\"><\/div>\n\t\t\t\t<div class=\"elementor-cta__bg-overlay\"><\/div>\n\t\t\t<\/div>\n\t\t\t\t\t\t\t<div class=\"elementor-cta__content\">\n\t\t\t\t\n\t\t\t\t\t\t\t\t\t<h2 class=\"elementor-cta__title elementor-cta__content-item elementor-content-item\">\n\t\t\t\t\t\t<strong>BEERSPA + <\/strong> Luk\u00e1cs Tickets \t\t\t\t\t<\/h2>\n\t\t\t\t\n\t\t\t\t\t\t\t\t\t<div class=\"elementor-cta__description elementor-cta__content-item elementor-content-item\">\n\t\t\t\t\t\tYou have 45 minutes to soak up the dry beer ingredients mixed with fresh thermal water while drinking as much beer as you like from the taps beside the tub. After your session our staff will escort you back inside Luk\u00e1cs Thermal Bath where you can stay until closing if you choose.\n\n\t\t\t\t\t<\/div>\n\t\t\t\t\n\t\t\t\t\t\t\t\t\t<div class=\"elementor-cta__button-wrapper elementor-cta__content-item elementor-content-item \">\n\t\t\t\t\t<a class=\"elementor-cta__button elementor-button elementor-size-\" href=\"https:\/\/thermalbeerspa.com\/termek\/sorfurdo-lukacs-furdo\/\">\n\t\t\t\t\t\tBOOKING\t\t\t\t\t<\/a>\n\t\t\t\t\t<\/div>\n\t\t\t\t\t\t\t<\/div>\n\t\t\t\t\t\t<\/div>\n\t\t\t\t\t\t<\/div>\n\t\t\t\t<div class=\"elementor-element elementor-element-478f888 elementor-cta--layout-image-left elementor-cta--mobile-layout-image-above elementor-hidden-desktop elementor-hidden-tablet elementor-hidden-mobile elementor-cta--skin-classic elementor-animated-content elementor-bg-transform elementor-bg-transform-zoom-in elementor-widget elementor-widget-call-to-action\" data-id=\"478f888\" data-element_type=\"widget\" data-widget_type=\"call-to-action.default\">\n\t\t\t\t\t\t\t<div class=\"elementor-cta\">\n\t\t\t\t\t<div class=\"elementor-cta__bg-wrapper\">\n\t\t\t\t<div class=\"elementor-cta__bg elementor-bg\" style=\"background-image: url(https:\/\/thermalbeerspa.com\/wp-content\/uploads\/2021\/07\/Luka\u0301cs-massage-beerspa.png);\" role=\"img\" aria-label=\"Luka\u0301cs massage beerspa\"><\/div>\n\t\t\t\t<div class=\"elementor-cta__bg-overlay\"><\/div>\n\t\t\t<\/div>\n\t\t\t\t\t\t\t<div class=\"elementor-cta__content\">\n\t\t\t\t\n\t\t\t\t\t\t\t\t\t<h2 class=\"elementor-cta__title elementor-cta__content-item elementor-content-item\">\n\t\t\t\t\t\t<strong>BEERSPA <\/strong> + MASSAGE + LUK\u00c1CS BATH TICKETS\t\t\t\t\t<\/h2>\n\t\t\t\t\n\t\t\t\t\t\t\t\t\t<div class=\"elementor-cta__description elementor-cta__content-item elementor-content-item\">\n\t\t\t\t\t\tExperience the ultimate relaxation with our Luk\u00e1cs Thermal Bath package, which includes a 45-minute Beer Spa session, a 20-minute reflexology-inspired massage, and access to all the facilities in Luk\u00e1cs Thermal Bath. During the Beer Spa session, you can enjoy unlimited beer while the dry beer ingredients mix with the thermal water to treat your skin and hair. Afterward, enjoy a 20-minute massage to further unwind and destress. Once your treatments are complete, you can spend the rest of the day exploring the various pools and saunas at the Thermal Bath until closing time.\n\t\t\t\t\t<\/div>\n\t\t\t\t\n\t\t\t\t\t\t\t\t\t<div class=\"elementor-cta__button-wrapper elementor-cta__content-item elementor-content-item \">\n\t\t\t\t\t<a class=\"elementor-cta__button elementor-button elementor-size-\" href=\"https:\/\/thermalbeerspa.com\/en\/product\/beerspa-lukacs-thermal-bath-tickets\/\">\n\t\t\t\t\t\tBOOK NOW\t\t\t\t\t<\/a>\n\t\t\t\t\t<\/div>\n\t\t\t\t\t\t\t<\/div>\n\t\t\t\t\t\t<\/div>\n\t\t\t\t\t\t<\/div>\n\t\t\t\t<div class=\"elementor-element elementor-element-7c4f827 elementor-cta--layout-image-left elementor-cta--mobile-layout-image-above elementor-cta--skin-classic elementor-animated-content elementor-bg-transform elementor-bg-transform-zoom-in elementor-widget elementor-widget-call-to-action\" data-id=\"7c4f827\" data-element_type=\"widget\" data-widget_type=\"call-to-action.default\">\n\t\t\t\t\t\t\t<div class=\"elementor-cta\">\n\t\t\t\t\t<div class=\"elementor-cta__bg-wrapper\">\n\t\t\t\t<div class=\"elementor-cta__bg elementor-bg\" style=\"background-image: url(https:\/\/thermalbeerspa.com\/wp-content\/uploads\/2023\/12\/Copy-of-Untitled-8.png);\" role=\"img\" aria-label=\"Copy of Untitled (8)\"><\/div>\n\t\t\t\t<div class=\"elementor-cta__bg-overlay\"><\/div>\n\t\t\t<\/div>\n\t\t\t\t\t\t\t<div class=\"elementor-cta__content\">\n\t\t\t\t\n\t\t\t\t\t\t\t\t\t<h2 class=\"elementor-cta__title elementor-cta__content-item elementor-content-item\">\n\t\t\t\t\t\t<strong>BEERSPA <\/strong> + ICE BATH \t\t\t\t\t<\/h2>\n\t\t\t\t\n\t\t\t\t\t\t\t\t\t<div class=\"elementor-cta__description elementor-cta__content-item elementor-content-item\">\n\t\t\t\t\t\tExperience a unique opportunity at Budapest's oldest spa where you can challenge yourself and feel like a hero by immersing yourself in an ice bath. The spa offers a chance to enjoy the numerous benefits of this experience. Prior to the immersion, the friendly staff will guide you, teaching the correct breathing techniques and preparing your mind for the cold. They ensure a safe and enjoyable warm-up process. This one-of-a-kind experience helps your body and mind de-stress and unwind.\nFollowing the session, unwind further by relaxing in the spa's thermal water dosed with hops and yeast, while holding a refreshing mug of beer.\t\t\t\t\t<\/div>\n\t\t\t\t\n\t\t\t\t\t\t\t\t\t<div class=\"elementor-cta__button-wrapper elementor-cta__content-item elementor-content-item \">\n\t\t\t\t\t<a class=\"elementor-cta__button elementor-button elementor-size-\" href=\"https:\/\/thermalbeerspa.com\/en\/product\/ice-bath-beerspa-at-lukacs\/\">\n\t\t\t\t\t\tBOOK NOW\t\t\t\t\t<\/a>\n\t\t\t\t\t<\/div>\n\t\t\t\t\t\t\t<\/div>\n\t\t\t\t\t\t<\/div>\n\t\t\t\t\t\t<\/div>\n\t\t\t\t<div class=\"elementor-element elementor-element-d0aae1f elementor-cta--layout-image-left elementor-cta--mobile-layout-image-above elementor-cta--skin-classic elementor-animated-content elementor-bg-transform elementor-bg-transform-zoom-in elementor-widget elementor-widget-call-to-action\" data-id=\"d0aae1f\" data-element_type=\"widget\" data-widget_type=\"call-to-action.default\">\n\t\t\t\t\t\t\t<div class=\"elementor-cta\">\n\t\t\t\t\t<div class=\"elementor-cta__bg-wrapper\">\n\t\t\t\t<div class=\"elementor-cta__bg elementor-bg\" style=\"background-image: url(https:\/\/thermalbeerspa.com\/wp-content\/uploads\/2024\/01\/12123e91-171c-427c-b145-da8ce3d08449-scaled.jpeg);\" role=\"img\" aria-label=\"12123e91-171c-427c-b145-da8ce3d08449\"><\/div>\n\t\t\t\t<div class=\"elementor-cta__bg-overlay\"><\/div>\n\t\t\t<\/div>\n\t\t\t\t\t\t\t<div class=\"elementor-cta__content\">\n\t\t\t\t\n\t\t\t\t\t\t\t\t\t<h2 class=\"elementor-cta__title elementor-cta__content-item elementor-content-item\">\n\t\t\t\t\t\tIntroduction to ICE BATH \t\t\t\t\t<\/h2>\n\t\t\t\t\n\t\t\t\t\t\t\t\t\t<div class=\"elementor-cta__description elementor-cta__content-item elementor-content-item\">\n\t\t\t\t\t\tWould you like to try something new and go home refreshed after this 30 minutes class?\nWould you like to have a positive effect on your physical and mental health at the same time?\nWould you like to challenge yourself a little?\nIf you answered yes, then join us on this private ice bath session!\nOur program consists of learning breathing techniques, plunging into ice water and individual rewarming exercises, which one of our trained experts will accompany and help you with.\nWhether you come alone or as a couple, or with a small group, everyone will have a great experience!\nThe program costs 7.000 Ft\/person, duration 30 mins.\nWhat you need: bathing suit, towel, slippers.\t\t\t\t\t<\/div>\n\t\t\t\t\n\t\t\t\t\t\t\t\t\t<div class=\"elementor-cta__button-wrapper elementor-cta__content-item elementor-content-item \">\n\t\t\t\t\t<a class=\"elementor-cta__button elementor-button elementor-size-\" href=\"https:\/\/thermalbeerspa.com\/en\/product\/ice-bath-introductory-class\/\">\n\t\t\t\t\t\tBOOK NOW\t\t\t\t\t<\/a>\n\t\t\t\t\t<\/div>\n\t\t\t\t\t\t\t<\/div>\n\t\t\t\t\t\t<\/div>\n\t\t\t\t\t\t<\/div>\n\t\t\t\t\t<\/div>\n\t\t<\/div>\n\t\t\t\t\t<\/div>\n\t\t<\/section>\n\t\t\t\t<section class=\"elementor-section elementor-top-section elementor-element elementor-element-aca91f0 elementor-section-boxed elementor-section-height-default elementor-section-height-default\" data-id=\"aca91f0\" data-element_type=\"section\">\n\t\t\t\t\t\t<div class=\"elementor-container elementor-column-gap-default\">\n\t\t\t\t\t<div class=\"elementor-column elementor-col-50 elementor-top-column elementor-element elementor-element-1bbc435\" data-id=\"1bbc435\" data-element_type=\"column\">\n\t\t\t<div class=\"elementor-widget-wrap\">\n\t\t\t\t\t\t\t<\/div>\n\t\t<\/div>\n\t\t\t\t<div class=\"elementor-column elementor-col-50 elementor-top-column elementor-element elementor-element-8976444\" data-id=\"8976444\" data-element_type=\"column\">\n\t\t\t<div class=\"elementor-widget-wrap\">\n\t\t\t\t\t\t\t<\/div>\n\t\t<\/div>\n\t\t\t\t\t<\/div>\n\t\t<\/section>\n\t\t\t\t<\/div>\n\t\t","protected":false},"excerpt":{"rendered":"<p>BEER SPA inside Sz\u00e9chenyi and Luk\u00e1cs Bath LUK\u00c1CS BEER SPA Visit Luk\u00e1cs Bath to enjoy thermal bathing in a quiet area of Budapest. You can relax in dimly lit indoor pools, a sunny outdoor leisure pool, two outdoor swimming pools, and a rooftop terrace with sunbeds and showers. For a unique experience, try Luk\u00e1cs Beer &#8230; <a title=\"Services\" class=\"read-more\" href=\"https:\/\/thermalbeerspa.com\/en\/services\/\" aria-label=\"Read more about Services\">Read more<\/a><\/p>\n","protected":false},"author":1,"featured_media":0,"parent":0,"menu_order":0,"comment_status":"closed","ping_status":"closed","template":"elementor_header_footer","meta":{"footnotes":""},"class_list":["post-34071","page","type-page","status-publish"],"_links":{"self":[{"href":"https:\/\/thermalbeerspa.com\/en\/wp-json\/wp\/v2\/pages\/34071","targetHints":{"allow":["GET"]}}],"collection":[{"href":"https:\/\/thermalbeerspa.com\/en\/wp-json\/wp\/v2\/pages"}],"about":[{"href":"https:\/\/thermalbeerspa.com\/en\/wp-json\/wp\/v2\/types\/page"}],"author":[{"embeddable":true,"href":"https:\/\/thermalbeerspa.com\/en\/wp-json\/wp\/v2\/users\/1"}],"replies":[{"embeddable":true,"href":"https:\/\/thermalbeerspa.com\/en\/wp-json\/wp\/v2\/comments?post=34071"}],"version-history":[{"count":0,"href":"https:\/\/thermalbeerspa.com\/en\/wp-json\/wp\/v2\/pages\/34071\/revisions"}],"wp:attachment":[{"href":"https:\/\/thermalbeerspa.com\/en\/wp-json\/wp\/v2\/media?parent=34071"}],"curies":[{"name":"wp","href":"https:\/\/api.w.org\/{rel}","templated":true}]}}