{"id":34056,"date":"2021-06-30T20:47:18","date_gmt":"2021-06-30T19:47:18","guid":{"rendered":"https:\/\/thermalbeerspa.com\/sorfurdo\/"},"modified":"2025-10-01T10:44:49","modified_gmt":"2025-10-01T09:44:49","slug":"beer-spa","status":"publish","type":"page","link":"https:\/\/thermalbeerspa.com\/en\/beer-spa\/","title":{"rendered":"Beer Spa"},"content":{"rendered":"\t\t<div data-elementor-type=\"wp-page\" data-elementor-id=\"34056\" class=\"elementor elementor-34056 elementor-33308\" data-elementor-post-type=\"page\">\n\t\t\t\t\t\t<section class=\"elementor-section elementor-top-section elementor-element elementor-element-4b18e992 elementor-section-height-min-height elementor-section-items-top elementor-section-boxed elementor-section-height-default\" data-id=\"4b18e992\" data-element_type=\"section\">\n\t\t\t\t\t\t\t<div class=\"elementor-background-overlay\"><\/div>\n\t\t\t\t\t\t\t<div class=\"elementor-container elementor-column-gap-default\">\n\t\t\t\t\t<div class=\"elementor-column elementor-col-50 elementor-top-column elementor-element elementor-element-2864b681\" data-id=\"2864b681\" data-element_type=\"column\" data-settings=\"{&quot;background_background&quot;:&quot;classic&quot;}\">\n\t\t\t<div class=\"elementor-widget-wrap elementor-element-populated\">\n\t\t\t\t\t<div class=\"elementor-background-overlay\"><\/div>\n\t\t\t\t\t\t<div class=\"elementor-element elementor-element-7318afa6 elementor-widget elementor-widget-spacer\" data-id=\"7318afa6\" data-element_type=\"widget\" data-widget_type=\"spacer.default\">\n\t\t\t\t\t\t\t<div class=\"elementor-spacer\">\n\t\t\t<div class=\"elementor-spacer-inner\"><\/div>\n\t\t<\/div>\n\t\t\t\t\t\t<\/div>\n\t\t\t\t<div class=\"elementor-element elementor-element-364db50b elementor-widget elementor-widget-heading\" data-id=\"364db50b\" data-element_type=\"widget\" data-widget_type=\"heading.default\">\n\t\t\t\t\t<h2 class=\"elementor-heading-title elementor-size-default\"><strong>BeerSpa<\/strong>\n<br>\nProcedure<\/h2>\t\t\t\t<\/div>\n\t\t\t\t<div class=\"elementor-element elementor-element-4e2ca6b1 elementor-widget elementor-widget-spacer\" data-id=\"4e2ca6b1\" data-element_type=\"widget\" data-widget_type=\"spacer.default\">\n\t\t\t\t\t\t\t<div class=\"elementor-spacer\">\n\t\t\t<div class=\"elementor-spacer-inner\"><\/div>\n\t\t<\/div>\n\t\t\t\t\t\t<\/div>\n\t\t\t\t\t<\/div>\n\t\t<\/div>\n\t\t\t\t<div class=\"elementor-column elementor-col-50 elementor-top-column elementor-element elementor-element-1210ef69\" data-id=\"1210ef69\" data-element_type=\"column\" data-settings=\"{&quot;background_background&quot;:&quot;classic&quot;}\">\n\t\t\t<div class=\"elementor-widget-wrap elementor-element-populated\">\n\t\t\t\t\t\t<div class=\"elementor-element elementor-element-4a6ad29 elementor-widget elementor-widget-text-editor\" data-id=\"4a6ad29\" data-element_type=\"widget\" data-widget_type=\"text-editor.default\">\n\t\t\t\t\t\t\t\t\t<p><span style=\"font-weight: 400;\">Our Beer Spa Hosts will greet you with a smile at the desk, then purchase your day ticket on your behalf. This includes your 45 minute Beer Spa session plus (optionally) an all day pass into the great Sz\u00e9chenyi Bath or Lukacs Bath. Both Public Bathes are over 100 years old\u00a0 with a great selection of thermal pools plus a myriad of steam rooms and saunas at various temperatures.<\/span><\/p><p><span style=\"font-weight: 400;\">You will be shown to your locker where you get changed and leave your belongings while you\u2019re enjoying the waters. You can take your camera\/phone with you to get some great snaps, but do keep it with you at all times so it doesn\u2019t go walkies.<\/span><\/p><p><span style=\"font-weight: 400;\">The Bath Master will show you the dry ingredients: hops, malt, yeast and a beer salt that are added to your wooden bathtub filled with 36 degree hot medicinal water.\u00a0<\/span><\/p><p><span style=\"font-weight: 400;\">The hops are probably the most well known ingredient of beer so it\u2019s no surprise that this is the one that relaxes you.<\/span><\/p><p><span style=\"font-weight: 400;\">Malt is full of vitamin B which is great for your skin and will leave you baby smooth<\/span>.<\/p><p><span style=\"font-weight: 400;\">Finally we have the beer salt; this is special salt we ship in all the way from Czech Republic. It has the standard ingredients of beer in it plus it smells lush. So don\u2019t fear- you don\u2019t end up smelling like a brewery!<\/span><\/p><p><span style=\"font-weight: 400;\">The Bath Master will stir these ingredients into your bathtub with a big spoon and explain how to use a beer tap<\/span><\/p><p><span style=\"font-weight: 400;\">We\u2019re sure you know how to pull your beer though right? The wondrous beer tap is right next to your bath tub so you barely have to move from your place of comfort. The tubs have seats at either end so even the long legged amongst you will be able to stretch out and relax without getting toes in places where toes should not be.<\/span><\/p><p><span style=\"font-weight: 400;\">You have 45 minutes to enjoy the experience, soak up the relaxing atmosphere while soaking your skin in all those vitamins and minerals. The Bath Master will only interrupt to bring you some traditional Hungarian snacks and check that the temperature of the water is good for you. Whether you prefer relaxing in boiling water or chilling in an icy tub, the Bath Master will ensure all is to your satisfaction. Then all you have to do is lie back, relax, and sip on the tasty beer.<\/span><\/p>\t\t\t\t\t\t\t\t<\/div>\n\t\t\t\t\t<\/div>\n\t\t<\/div>\n\t\t\t\t\t<\/div>\n\t\t<\/section>\n\t\t\t\t<section class=\"elementor-section elementor-top-section elementor-element elementor-element-b1e265e elementor-section-boxed elementor-section-height-default elementor-section-height-default\" data-id=\"b1e265e\" data-element_type=\"section\" data-settings=\"{&quot;background_background&quot;:&quot;classic&quot;}\">\n\t\t\t\t\t\t<div class=\"elementor-container elementor-column-gap-no\">\n\t\t\t\t\t<div class=\"elementor-column elementor-col-100 elementor-top-column elementor-element elementor-element-4cb7e59\" data-id=\"4cb7e59\" data-element_type=\"column\">\n\t\t\t<div class=\"elementor-widget-wrap elementor-element-populated\">\n\t\t\t\t\t\t<div class=\"elementor-element elementor-element-66aaef3 elementor-widget elementor-widget-video\" data-id=\"66aaef3\" data-element_type=\"widget\" data-settings=\"{&quot;youtube_url&quot;:&quot;https:\\\/\\\/www.youtube.com\\\/watch?v=T2z9GcQDfz0&quot;,&quot;lazy_load&quot;:&quot;yes&quot;,&quot;video_type&quot;:&quot;youtube&quot;,&quot;controls&quot;:&quot;yes&quot;}\" data-widget_type=\"video.default\">\n\t\t\t\t\t\t\t<div class=\"elementor-wrapper elementor-open-inline\">\n\t\t\t<div class=\"elementor-video\"><\/div>\t\t<\/div>\n\t\t\t\t\t\t<\/div>\n\t\t\t\t\t<\/div>\n\t\t<\/div>\n\t\t\t\t\t<\/div>\n\t\t<\/section>\n\t\t\t\t<section class=\"elementor-section elementor-top-section elementor-element elementor-element-417273c5 elementor-section-height-min-height elementor-reverse-mobile elementor-section-boxed elementor-section-height-default elementor-section-items-middle\" data-id=\"417273c5\" data-element_type=\"section\">\n\t\t\t\t\t\t\t<div class=\"elementor-background-overlay\"><\/div>\n\t\t\t\t\t\t\t<div class=\"elementor-container elementor-column-gap-default\">\n\t\t\t\t\t<div class=\"elementor-column elementor-col-50 elementor-top-column elementor-element elementor-element-602eeab7\" data-id=\"602eeab7\" data-element_type=\"column\" data-settings=\"{&quot;background_background&quot;:&quot;classic&quot;}\">\n\t\t\t<div class=\"elementor-widget-wrap elementor-element-populated\">\n\t\t\t\t\t\t<div class=\"elementor-element elementor-element-4ed1f1d8 elementor-widget elementor-widget-text-editor\" data-id=\"4ed1f1d8\" data-element_type=\"widget\" data-widget_type=\"text-editor.default\">\n\t\t\t\t\t\t\t\t\t<p><span style=\"font-weight: 400;\"><strong>Beer Bath<\/strong> has a beneficial effect, a real blessing for those struggling with skin problems.<\/span><\/p>\n<p><span style=\"font-weight: 400;\">Malt beautifies and regenerates the skin, as does brewer&#8217;s yeast that has a good effect on muscles and the nervous system.<\/span><\/p>\n<p><b>The ingredients of the bath:<\/b><\/p>\n<p><b>Hops: <\/b><span style=\"font-weight: 400;\">Hops are a very old herb that have a sedative effect.<\/span><\/p>\n<p><span style=\"font-weight: 400;\">It can be used to treat sleeping disorders, anxiety and nervous exhaustion. It is a natural stress reliever. In the field of brewing, it is widespread in most countries of 8th century Europe. Its cleansing, flavoring, and preservative properties made it popular. Its soothing effect is significant as well. Scientists have discovered more than 150 ingredients in the hops.<\/span><\/p>\n<p><b>Malt:<\/b><span style=\"font-weight: 400;\"> Malt is a product made by germinating barley, wheat and other grains. Barley fiber contains beta-glucan. Research shows that it reduces insulin resistance and cholesterol levels, thus reducing the risk of obesity and strengthening the immune system.<\/span><\/p>\n<p><b>Sea salt:<\/b> A salty bath allows the salt to be absorbed into the top layer of the skin and bind the water and the active ingredients dissolved in it. The abundance of minerals in sea salt has a good effect on our muscles. It makes our skin radiant, firm and youthful, it is great against stress as well.<br><\/p>\t\t\t\t\t\t\t\t<\/div>\n\t\t\t\t\t<\/div>\n\t\t<\/div>\n\t\t\t\t<div class=\"elementor-column elementor-col-50 elementor-top-column elementor-element elementor-element-2995a704\" data-id=\"2995a704\" data-element_type=\"column\" data-settings=\"{&quot;background_background&quot;:&quot;classic&quot;}\">\n\t\t\t<div class=\"elementor-widget-wrap elementor-element-populated\">\n\t\t\t\t\t<div class=\"elementor-background-overlay\"><\/div>\n\t\t\t\t\t\t<div class=\"elementor-element elementor-element-2de02519 elementor-widget elementor-widget-spacer\" data-id=\"2de02519\" data-element_type=\"widget\" data-widget_type=\"spacer.default\">\n\t\t\t\t\t\t\t<div class=\"elementor-spacer\">\n\t\t\t<div class=\"elementor-spacer-inner\"><\/div>\n\t\t<\/div>\n\t\t\t\t\t\t<\/div>\n\t\t\t\t<div class=\"elementor-element elementor-element-33a8576e elementor-widget elementor-widget-heading\" data-id=\"33a8576e\" data-element_type=\"widget\" data-widget_type=\"heading.default\">\n\t\t\t\t\t<h2 class=\"elementor-heading-title elementor-size-default\"><strong>Beneficial<\/strong>\n<br>\neffects<\/h2>\t\t\t\t<\/div>\n\t\t\t\t<div class=\"elementor-element elementor-element-5f8eeb05 elementor-widget elementor-widget-spacer\" data-id=\"5f8eeb05\" data-element_type=\"widget\" data-widget_type=\"spacer.default\">\n\t\t\t\t\t\t\t<div class=\"elementor-spacer\">\n\t\t\t<div class=\"elementor-spacer-inner\"><\/div>\n\t\t<\/div>\n\t\t\t\t\t\t<\/div>\n\t\t\t\t\t<\/div>\n\t\t<\/div>\n\t\t\t\t\t<\/div>\n\t\t<\/section>\n\t\t\t\t<section class=\"elementor-section elementor-top-section elementor-element elementor-element-2dfec5ca elementor-section-height-min-height elementor-hidden-desktop elementor-hidden-tablet elementor-hidden-phone elementor-section-boxed elementor-section-height-default elementor-section-items-middle\" data-id=\"2dfec5ca\" data-element_type=\"section\">\n\t\t\t\t\t\t\t<div class=\"elementor-background-overlay\"><\/div>\n\t\t\t\t\t\t\t<div class=\"elementor-container elementor-column-gap-default\">\n\t\t\t\t\t<div class=\"elementor-column elementor-col-50 elementor-top-column elementor-element elementor-element-2799e1d1\" data-id=\"2799e1d1\" data-element_type=\"column\" data-settings=\"{&quot;background_background&quot;:&quot;classic&quot;}\">\n\t\t\t<div class=\"elementor-widget-wrap elementor-element-populated\">\n\t\t\t\t\t<div class=\"elementor-background-overlay\"><\/div>\n\t\t\t\t\t\t<div class=\"elementor-element elementor-element-2ccceedb elementor-widget elementor-widget-spacer\" data-id=\"2ccceedb\" data-element_type=\"widget\" data-widget_type=\"spacer.default\">\n\t\t\t\t\t\t\t<div class=\"elementor-spacer\">\n\t\t\t<div class=\"elementor-spacer-inner\"><\/div>\n\t\t<\/div>\n\t\t\t\t\t\t<\/div>\n\t\t\t\t<div class=\"elementor-element elementor-element-4a0770bc elementor-widget elementor-widget-heading\" data-id=\"4a0770bc\" data-element_type=\"widget\" data-widget_type=\"heading.default\">\n\t\t\t\t\t<h2 class=\"elementor-heading-title elementor-size-default\">S\u00f6r, wellness, vid\u00e1ms\u00e1g<\/h2>\t\t\t\t<\/div>\n\t\t\t\t<div class=\"elementor-element elementor-element-6073756c elementor-widget elementor-widget-spacer\" data-id=\"6073756c\" data-element_type=\"widget\" data-widget_type=\"spacer.default\">\n\t\t\t\t\t\t\t<div class=\"elementor-spacer\">\n\t\t\t<div class=\"elementor-spacer-inner\"><\/div>\n\t\t<\/div>\n\t\t\t\t\t\t<\/div>\n\t\t\t\t\t<\/div>\n\t\t<\/div>\n\t\t\t\t<div class=\"elementor-column elementor-col-50 elementor-top-column elementor-element elementor-element-3e45793\" data-id=\"3e45793\" data-element_type=\"column\" data-settings=\"{&quot;background_background&quot;:&quot;classic&quot;}\">\n\t\t\t<div class=\"elementor-widget-wrap elementor-element-populated\">\n\t\t\t\t\t\t<div class=\"elementor-element elementor-element-43ea50ee elementor-widget elementor-widget-text-editor\" data-id=\"43ea50ee\" data-element_type=\"widget\" data-widget_type=\"text-editor.default\">\n\t\t\t\t\t\t\t\t\t<p>Dr. Karolina Walker, \u2013 az eg\u00e9szs\u00e9g \u00e9s a nemzetk\u00f6zi s\u00f6rf\u0151z\u00e9s kutat\u00e1sainak f\u0151n\u00f6ke \u2013 a s\u00f6rben tal\u00e1lhat\u00f3 vitaminokkal \u00e9s folsavakkal foglalkozik. Az \u00e1rpa cs\u00edr\u00e1z\u00e1sa \u00e9s mal\u00e1t\u00e1v\u00e1 t\u00f6rt\u00e9n\u0151 \u00e1talakul\u00e1sa sor\u00e1n nagyon sok vitamin keletkezik. K\u00fcl\u00f6n\u00f6sen jelent\u0151sek a B1, B2, B3 \u00e9s B6 vitaminok, de jelen van a hidrog\u00e9n is. Ezen t\u00fal fontosak az \u00e1sv\u00e1nyi anyagok is: Cu, Fe, Zn, Ph, \u00e9s a Mg. N\u00e9h\u00e1ny s\u00f6rfajt\u00e1ban a Folat (B9) olyan nagy mennyis\u00e9gben van jelen, mint 100 g brokkoliban, vagy 0,5 kg paradicsomban.<\/p><p>Ezeket az \u00e1tlagos s\u00f6rfogyaszt\u00f3 is j\u00f3l tudja, de a koml\u00f3 enn\u00e9l sokkal t\u00f6bbet tud! Jelent\u0151s az \u00f6sztrog\u00e9n \u00e9s antibiotikum aktivit\u00e1sa, valamint tartalmaz egy sor olyan \u00f6sszetev\u0151t, amelyek antioxid\u00e1nsk\u00e9nt hatnak. Hogy a koml\u00f3 sok antioxid\u00e1nst tartalmaz ez ma m\u00e1r nyilv\u00e1nval\u00f3. A r\u00e1k kialakul\u00e1sa -hasonl\u00f3an a t\u00f6bbi betegs\u00e9ghez (Alzheimer, Parkinson stb.) oxid\u00e1l\u00e1si folyamatokkal van \u00f6sszef\u00fcgg\u00e9sben. Ezeknek a hat\u00f3anyagoknak a megel\u0151z\u00e9sben van fontos szerep\u00fck.<\/p><p>A laborat\u00f3riumokban -sok m\u00e1s anyag mellett \u2013 a koml\u00f3 \u00e9s a s\u00f6r hat\u00f3anyagait is megvizsg\u00e1lt\u00e1k, hogy milyen hat\u00e1suk van a r\u00e1k lek\u00fczd\u00e9s\u00e9nek tekintet\u00e9ben. Kutat\u00e1saik sor\u00e1n a koml\u00f3 keser\u0171sav\u00e1b\u00f3l kivont Xanthohumol vegy\u00fcletet tudt\u00e1k azonos\u00edtani, amely minden kutat\u00e1si eredm\u00e9nyn\u00e9l pozit\u00edv hat\u00e1st mutatott.<\/p><p>A b\u0151s\u00e9gesen koml\u00f3zott s\u00f6r kiv\u00e9di a v\u00edrusfert\u0151z\u00e9seket!<\/p><p>A koml\u00f3 egy olyan n\u00f6v\u00e9ny, amely eg\u00e9szs\u00e9gstimul\u00e1l\u00f3 hat\u00e1s\u00fa, de ennek m\u00e9rt\u00e9ke m\u00e9g nem teljesen ismert. A s\u00f6r egyik legfontosabb alkot\u00f3eleme, amely t\u00f6bbek k\u00f6z\u00f6tt v\u00e9d az Alzheimer- \u00e9s a Parkinson-k\u00f3r ellen &#8211; der\u00fclt ki k\u00ednai kutat\u00f3k tanulm\u00e1ny\u00e1b\u00f3l. A titok a n\u00f6v\u00e9nyben rejlik, egyik vegy\u00fclete v\u00e9di az agysejteket a k\u00e1ros\u00edt\u00f3 hat\u00e1sokt\u00f3l, ez\u00e1ltal hat\u00e9konyan lass\u00edtja a neurodegenerat\u00edv betegs\u00e9gek kialakul\u00e1s\u00e1t. <br \/>Az alkoholfogyaszt\u00e1sban azonban tov\u00e1bbra is meg kell \u0151rizni a m\u00e9rt\u00e9kletess\u00e9get!<\/p><p>Az \u00e1rp\u00e1r\u00f3l m\u00e9g \u00e9rdemes tudni, hogy rendk\u00edv\u00fcl j\u00f3 hat\u00e1ssal van az anyagcser\u00e9re, felgyors\u00edtja azt. K\u00f6nnyen em\u00e9szthet\u0151, er\u0151sen v\u00edzhajt\u00f3 \u00e9s sz\u00e9kletlaz\u00edt\u00f3 hat\u00e1s\u00fa. A betegs\u00e9gek\u00e9rt felel\u0151s szabad gy\u00f6k\u00f6ket megk\u00f6ti, vagyis antioxid\u00e1ns tulajdons\u00e1ggal is rendelkezik. Ezen k\u00edv\u00fcl er\u0151s\u00edti a sz\u00edvet, a m\u00e1jat, az idegrendszert, tiszt\u00edtja a v\u00e9rt. Gyomorront\u00e1s \u00e9s l\u00e9gz\u0151szervi gyullad\u00e1sok, asztma, h\u00f6rghurut eset\u00e9n is b\u00e1tran ny\u00falhatunk hozz\u00e1.<\/p>\t\t\t\t\t\t\t\t<\/div>\n\t\t\t\t\t<\/div>\n\t\t<\/div>\n\t\t\t\t\t<\/div>\n\t\t<\/section>\n\t\t\t\t<\/div>\n\t\t","protected":false},"excerpt":{"rendered":"<p>BeerSpa Procedure Our Beer Spa Hosts will greet you with a smile at the desk, then purchase your day ticket on your behalf. This includes your 45 minute Beer Spa session plus (optionally) an all day pass into the great Sz\u00e9chenyi Bath or Lukacs Bath. Both Public Bathes are over 100 years old\u00a0 with a &#8230; <a title=\"Beer Spa\" class=\"read-more\" href=\"https:\/\/thermalbeerspa.com\/en\/beer-spa\/\" aria-label=\"Read more about Beer Spa\">Read more<\/a><\/p>\n","protected":false},"author":1,"featured_media":0,"parent":0,"menu_order":0,"comment_status":"closed","ping_status":"closed","template":"elementor_header_footer","meta":{"footnotes":""},"class_list":["post-34056","page","type-page","status-publish"],"_links":{"self":[{"href":"https:\/\/thermalbeerspa.com\/en\/wp-json\/wp\/v2\/pages\/34056","targetHints":{"allow":["GET"]}}],"collection":[{"href":"https:\/\/thermalbeerspa.com\/en\/wp-json\/wp\/v2\/pages"}],"about":[{"href":"https:\/\/thermalbeerspa.com\/en\/wp-json\/wp\/v2\/types\/page"}],"author":[{"embeddable":true,"href":"https:\/\/thermalbeerspa.com\/en\/wp-json\/wp\/v2\/users\/1"}],"replies":[{"embeddable":true,"href":"https:\/\/thermalbeerspa.com\/en\/wp-json\/wp\/v2\/comments?post=34056"}],"version-history":[{"count":0,"href":"https:\/\/thermalbeerspa.com\/en\/wp-json\/wp\/v2\/pages\/34056\/revisions"}],"wp:attachment":[{"href":"https:\/\/thermalbeerspa.com\/en\/wp-json\/wp\/v2\/media?parent=34056"}],"curies":[{"name":"wp","href":"https:\/\/api.w.org\/{rel}","templated":true}]}}