{"id":15464,"date":"2016-11-29T16:22:35","date_gmt":"2016-11-29T15:22:35","guid":{"rendered":"https:\/\/thermalbeerspa.com\/?page_id=15464"},"modified":"2020-11-07T23:01:29","modified_gmt":"2020-11-07T22:01:29","slug":"gift-certificate","status":"publish","type":"page","link":"https:\/\/thermalbeerspa.com\/en\/gift-certificate\/","title":{"rendered":"Buy Gift Certificate"},"content":{"rendered":"\n<div class=\"wp-block-caxton-grid relative\"><div class=\"absolute absolute--fill\"><div class=\"absolute absolute--fill cover bg-center\" style=\"background-color:;background-image:linear-gradient( );\"><\/div><div class=\"absolute absolute--fill\" style=\"background-color:;background-image:linear-gradient( );opacity:1;\"><\/div><\/div><div class=\"relative caxton-columns caxton-grid-block\" style=\"padding-top:0;padding-left:0;padding-bottom:0;padding-right:0;grid-template-columns:repeat(12, 1fr)\" data-tablet-css=\"padding-left:em;padding-right:em;\" data-mobile-css=\"padding-left:em;padding-right:em;\">\n<div class=\"wp-block-caxton-section relative\" style=\"grid-area:span 1\/span 12\"><div class=\"absolute absolute--fill\"><div class=\"absolute absolute--fill cover bg-center\" style=\"background-color:;background-image:linear-gradient( );\"><\/div><div class=\"absolute absolute--fill\" style=\"background-color:;background-image:linear-gradient( );opacity:1;\"><\/div><\/div><div class=\"relative caxton-section-block\" style=\"padding-top:5px;padding-left:5px;padding-bottom:5px;padding-right:5px\" data-mobile-css=\"padding-left:1em;padding-right:1em;\" data-tablet-css=\"padding-left:1em;padding-right:1em;\">\n<p style=\"text-align:center\">Get a voucher for yourself or gift one to a friend. This voucher can be redeemed for up to 2 years after the date of purchase.<\/p>\n\n\n\n<div class=\"wp-block-image\"><figure class=\"aligncenter\"><a href=\"https:\/\/thermalbeerspa.com\/en\/product\/beerspa-gift-voucher-for-1-person\/\"><img fetchpriority=\"high\" decoding=\"async\" width=\"300\" height=\"300\" src=\"https:\/\/thermalbeerspa.com\/wp-content\/uploads\/2020\/07\/v5-300x300.jpg\" alt=\"a k\u00e9pre kattintva tud tov\u00e1bbl\u00e9pni a v\u00e1s\u00e1rl\u00e1shoz\" class=\"wp-image-31199\" srcset=\"https:\/\/thermalbeerspa.com\/wp-content\/uploads\/2020\/07\/v5-300x300.jpg 300w, https:\/\/thermalbeerspa.com\/wp-content\/uploads\/2020\/07\/v5-100x100.jpg 100w, https:\/\/thermalbeerspa.com\/wp-content\/uploads\/2020\/07\/v5-150x150.jpg 150w, https:\/\/thermalbeerspa.com\/wp-content\/uploads\/2020\/07\/v5-250x250.jpg 250w, https:\/\/thermalbeerspa.com\/wp-content\/uploads\/2020\/07\/v5.jpg 536w\" sizes=\"(max-width: 300px) 100vw, 300px\" \/><\/a><figcaption><br><\/figcaption><\/figure><\/div>\n\n\n\n<div class=\"wp-block-caxton-super-button\"><div class=\"tc\" style=\"\"><a class=\"caxton-btn no-underline dib \" href=\"https:\/\/thermalbeerspa.com\/en\/product\/beerspa-gift-voucher-for-1-person\/\" data-hover-css=\"color:#313131;background-color:#ff6900;\" style=\"letter-spacing:2px;font-weight:400;color:#555;background-color:#00d084;border:2px  solid ;padding:0.5em 1em;;\" data-mobile-css=\"\" data-tablet-css=\"\" data-desktop-css=\"\"><span>Buy Giftcard<\/span><\/a><\/div><\/div>\n<\/div><\/div>\n<\/div><\/div>\n","protected":false},"excerpt":{"rendered":"","protected":false},"author":2,"featured_media":0,"parent":0,"menu_order":0,"comment_status":"closed","ping_status":"closed","template":"","meta":{"footnotes":""},"class_list":["post-15464","page","type-page","status-publish"],"_links":{"self":[{"href":"https:\/\/thermalbeerspa.com\/en\/wp-json\/wp\/v2\/pages\/15464","targetHints":{"allow":["GET"]}}],"collection":[{"href":"https:\/\/thermalbeerspa.com\/en\/wp-json\/wp\/v2\/pages"}],"about":[{"href":"https:\/\/thermalbeerspa.com\/en\/wp-json\/wp\/v2\/types\/page"}],"author":[{"embeddable":true,"href":"https:\/\/thermalbeerspa.com\/en\/wp-json\/wp\/v2\/users\/2"}],"replies":[{"embeddable":true,"href":"https:\/\/thermalbeerspa.com\/en\/wp-json\/wp\/v2\/comments?post=15464"}],"version-history":[{"count":0,"href":"https:\/\/thermalbeerspa.com\/en\/wp-json\/wp\/v2\/pages\/15464\/revisions"}],"wp:attachment":[{"href":"https:\/\/thermalbeerspa.com\/en\/wp-json\/wp\/v2\/media?parent=15464"}],"curies":[{"name":"wp","href":"https:\/\/api.w.org\/{rel}","templated":true}]}}