{"id":141159,"date":"2024-12-03T15:16:35","date_gmt":"2024-12-03T14:16:35","guid":{"rendered":"https:\/\/thermalbeerspa.com\/ajandekutalvany-vasarlas\/"},"modified":"2024-12-11T20:56:53","modified_gmt":"2024-12-11T19:56:53","slug":"gift-card","status":"publish","type":"page","link":"https:\/\/thermalbeerspa.com\/en\/gift-card\/","title":{"rendered":"Aj\u00e1nd\u00e9kutalv\u00e1ny v\u00e1s\u00e1rl\u00e1s"},"content":{"rendered":"\t\t<div data-elementor-type=\"wp-page\" data-elementor-id=\"141159\" class=\"elementor elementor-141159 elementor-140923\" data-elementor-post-type=\"page\">\n\t\t\t\t<div class=\"elementor-element elementor-element-90d4bb2 e-flex e-con-boxed e-con e-parent\" data-id=\"90d4bb2\" data-element_type=\"container\" data-settings=\"{&quot;background_background&quot;:&quot;classic&quot;}\">\n\t\t\t\t\t<div class=\"e-con-inner\">\n\t\t\t\t<div class=\"elementor-element elementor-element-c54d0b3 elementor-widget elementor-widget-heading\" data-id=\"c54d0b3\" data-element_type=\"widget\" data-widget_type=\"heading.default\">\n\t\t\t\t\t<h2 class=\"elementor-heading-title elementor-size-default\"><strong>Beerspa<\/strong> &amp; <strong>Icebath<\/strong>\n<br \/>\ngift card<\/h2>\t\t\t\t<\/div>\n\t\t\t\t<div class=\"elementor-element elementor-element-42fbb9e elementor-widget elementor-widget-text-editor\" data-id=\"42fbb9e\" data-element_type=\"widget\" data-widget_type=\"text-editor.default\">\n\t\t\t\t\t\t\t\t\t<p><strong>Gift unforgettable experiences to your loved ones!<\/strong><br \/>\ud83c\udf81<br \/>Vouchers are valid for 1 year and will be sent via email with a coupon code that can be used for booking on our website.<\/p>\t\t\t\t\t\t\t\t<\/div>\n\t\t\t\t<div class=\"elementor-element elementor-element-1f6360e elementor-grid-3 elementor-grid-mobile-1 elementor-grid-tablet-3 elementor-products-grid elementor-wc-products elementor-widget elementor-widget-woocommerce-products\" data-id=\"1f6360e\" data-element_type=\"widget\" data-widget_type=\"woocommerce-products.default\">\n\t\t\t\t<div class=\"elementor-widget-container\">\n\t\t\t\t\t<div class=\"woocommerce columns-3 \"><ul class=\"products elementor-grid columns-3\">\n<li class=\"sales-flash-overlay woocommerce-text-align-center woocommerce-image-align-center do-quantity-buttons product type-product post-142035 status-publish first instock product_cat-gift-card has-post-thumbnail virtual taxable purchasable product-type-gift-card\">\n\t<a href=\"https:\/\/thermalbeerspa.com\/en\/product\/giftcard-beerspa-lukacs-bath-tickets\/\" class=\"woocommerce-LoopProduct-link woocommerce-loop-product__link\"><div class=\"wpcbm-wrapper wpcbm-wrapper-archive-image\"><img fetchpriority=\"high\" decoding=\"async\" width=\"300\" height=\"300\" src=\"https:\/\/thermalbeerspa.com\/wp-content\/uploads\/2022\/05\/nyitokep-lukacs-kombi-300x300.png\" class=\"attachment-woocommerce_thumbnail size-woocommerce_thumbnail\" alt=\"Gift Card \u2013 BeerSpa + Luk\u00e1cs Bath Tickets\" srcset=\"https:\/\/thermalbeerspa.com\/wp-content\/uploads\/2022\/05\/nyitokep-lukacs-kombi-300x300.png 300w, https:\/\/thermalbeerspa.com\/wp-content\/uploads\/2022\/05\/nyitokep-lukacs-kombi-1024x1024.png 1024w, https:\/\/thermalbeerspa.com\/wp-content\/uploads\/2022\/05\/nyitokep-lukacs-kombi-150x150.png 150w, https:\/\/thermalbeerspa.com\/wp-content\/uploads\/2022\/05\/nyitokep-lukacs-kombi-768x768.png 768w, https:\/\/thermalbeerspa.com\/wp-content\/uploads\/2022\/05\/nyitokep-lukacs-kombi-600x600.png 600w, https:\/\/thermalbeerspa.com\/wp-content\/uploads\/2022\/05\/nyitokep-lukacs-kombi-100x100.png 100w, https:\/\/thermalbeerspa.com\/wp-content\/uploads\/2022\/05\/nyitokep-lukacs-kombi.png 1080w\" sizes=\"(max-width: 300px) 100vw, 300px\" \/><\/div><h2 class=\"woocommerce-loop-product__title\">Gift Card \u2013 BeerSpa + Luk\u00e1cs Bath Tickets<\/h2>\n\t<span class=\"price\"><span class=\"woocommerce-Price-amount amount\"><bdi><span class=\"woocommerce-Price-currencySymbol\">HUF<\/span>&nbsp;30500<\/bdi><\/span> <span aria-hidden=\"true\">&ndash;<\/span> <span class=\"woocommerce-Price-amount amount\"><bdi><span class=\"woocommerce-Price-currencySymbol\">HUF<\/span>&nbsp;61000<\/bdi><\/span><span class=\"screen-reader-text\">Price range: HUF&nbsp;30500 through HUF&nbsp;61000<\/span><\/span>\n<\/a><a href=\"https:\/\/thermalbeerspa.com\/en\/product\/giftcard-beerspa-lukacs-bath-tickets\/\" aria-describedby=\"woocommerce_loop_add_to_cart_link_describedby_142035\" data-quantity=\"1\" class=\"button product_type_gift-card add_to_cart_button\" data-product_id=\"142035\" data-product_sku=\"\" aria-label=\"Read more about &ldquo;Gift Card \u2013 BeerSpa + Luk\u00e1cs Bath Tickets&rdquo;\" rel=\"nofollow\">Select options<\/a>\t<span id=\"woocommerce_loop_add_to_cart_link_describedby_142035\" class=\"screen-reader-text\">\n\t\t\t<\/span>\n<span class=\"gtm4wp_productdata\" style=\"display:none; visibility:hidden;\" data-gtm4wp_product_data=\"{&quot;internal_id&quot;:142035,&quot;item_id&quot;:142035,&quot;item_name&quot;:&quot;Gift Card \\u2013 BeerSpa + Luk\\u00e1cs Bath Tickets&quot;,&quot;sku&quot;:142035,&quot;price&quot;:0,&quot;stocklevel&quot;:null,&quot;stockstatus&quot;:&quot;instock&quot;,&quot;google_business_vertical&quot;:&quot;retail&quot;,&quot;item_category&quot;:&quot;Gift Card&quot;,&quot;id&quot;:142035,&quot;productlink&quot;:&quot;https:\\\/\\\/thermalbeerspa.com\\\/en\\\/product\\\/giftcard-beerspa-lukacs-bath-tickets\\\/&quot;,&quot;item_list_name&quot;:&quot;General Product List&quot;,&quot;index&quot;:1,&quot;product_type&quot;:&quot;gift-card&quot;,&quot;item_brand&quot;:&quot;&quot;}\"><\/span><\/li>\n<li class=\"sales-flash-overlay woocommerce-text-align-center woocommerce-image-align-center do-quantity-buttons product type-product post-142033 status-publish instock product_cat-gift-card has-post-thumbnail virtual taxable purchasable product-type-gift-card\">\n\t<a href=\"https:\/\/thermalbeerspa.com\/en\/product\/giftcard-beerspa-skip-the-line-szechenyi-bath-tickets\/\" class=\"woocommerce-LoopProduct-link woocommerce-loop-product__link\"><div class=\"wpcbm-wrapper wpcbm-wrapper-archive-image\"><img decoding=\"async\" width=\"300\" height=\"300\" src=\"https:\/\/thermalbeerspa.com\/wp-content\/uploads\/2024\/04\/beerspa-1-300x300.jpeg\" class=\"attachment-woocommerce_thumbnail size-woocommerce_thumbnail\" alt=\"Gift Card \u2013 BeerSpa + skip the line Sz\u00e9chenyi Bath Tickets\" srcset=\"https:\/\/thermalbeerspa.com\/wp-content\/uploads\/2024\/04\/beerspa-1-300x300.jpeg 300w, https:\/\/thermalbeerspa.com\/wp-content\/uploads\/2024\/04\/beerspa-1-150x150.jpeg 150w, https:\/\/thermalbeerspa.com\/wp-content\/uploads\/2024\/04\/beerspa-1-768x768.jpeg 768w, https:\/\/thermalbeerspa.com\/wp-content\/uploads\/2024\/04\/beerspa-1-600x600.jpeg 600w, https:\/\/thermalbeerspa.com\/wp-content\/uploads\/2024\/04\/beerspa-1-100x100.jpeg 100w, https:\/\/thermalbeerspa.com\/wp-content\/uploads\/2024\/04\/beerspa-1.jpeg 960w\" sizes=\"(max-width: 300px) 100vw, 300px\" \/><\/div><h2 class=\"woocommerce-loop-product__title\">Gift Card \u2013 BeerSpa + skip the line Sz\u00e9chenyi Bath Tickets<\/h2>\n\t<span class=\"price\"><span class=\"woocommerce-Price-amount amount\"><bdi><span class=\"woocommerce-Price-currencySymbol\">HUF<\/span>&nbsp;38500<\/bdi><\/span> <span aria-hidden=\"true\">&ndash;<\/span> <span class=\"woocommerce-Price-amount amount\"><bdi><span class=\"woocommerce-Price-currencySymbol\">HUF<\/span>&nbsp;77000<\/bdi><\/span><span class=\"screen-reader-text\">Price range: HUF&nbsp;38500 through HUF&nbsp;77000<\/span><\/span>\n<\/a><a href=\"https:\/\/thermalbeerspa.com\/en\/product\/giftcard-beerspa-skip-the-line-szechenyi-bath-tickets\/\" aria-describedby=\"woocommerce_loop_add_to_cart_link_describedby_142033\" data-quantity=\"1\" class=\"button product_type_gift-card add_to_cart_button\" data-product_id=\"142033\" data-product_sku=\"\" aria-label=\"Read more about &ldquo;Gift Card \u2013 BeerSpa + skip the line Sz\u00e9chenyi Bath Tickets&rdquo;\" rel=\"nofollow\">Select options<\/a>\t<span id=\"woocommerce_loop_add_to_cart_link_describedby_142033\" class=\"screen-reader-text\">\n\t\t\t<\/span>\n<span class=\"gtm4wp_productdata\" style=\"display:none; visibility:hidden;\" data-gtm4wp_product_data=\"{&quot;internal_id&quot;:142033,&quot;item_id&quot;:142033,&quot;item_name&quot;:&quot;Gift Card \\u2013 BeerSpa + skip the line Sz\\u00e9chenyi Bath Tickets&quot;,&quot;sku&quot;:142033,&quot;price&quot;:0,&quot;stocklevel&quot;:null,&quot;stockstatus&quot;:&quot;instock&quot;,&quot;google_business_vertical&quot;:&quot;retail&quot;,&quot;item_category&quot;:&quot;Gift Card&quot;,&quot;id&quot;:142033,&quot;productlink&quot;:&quot;https:\\\/\\\/thermalbeerspa.com\\\/en\\\/product\\\/giftcard-beerspa-skip-the-line-szechenyi-bath-tickets\\\/&quot;,&quot;item_list_name&quot;:&quot;General Product List&quot;,&quot;index&quot;:2,&quot;product_type&quot;:&quot;gift-card&quot;,&quot;item_brand&quot;:&quot;&quot;}\"><\/span><\/li>\n<li class=\"sales-flash-overlay woocommerce-text-align-center woocommerce-image-align-center do-quantity-buttons product type-product post-142034 status-publish last instock product_cat-gift-card has-post-thumbnail virtual taxable purchasable product-type-gift-card\">\n\t<a href=\"https:\/\/thermalbeerspa.com\/en\/product\/giftcard-beerspa-session-without-bath-ticket\/\" class=\"woocommerce-LoopProduct-link woocommerce-loop-product__link\"><div class=\"wpcbm-wrapper wpcbm-wrapper-archive-image\"><img decoding=\"async\" width=\"300\" height=\"300\" src=\"https:\/\/thermalbeerspa.com\/wp-content\/uploads\/2022\/05\/Copy-of-Untitled-10-300x300.png\" class=\"attachment-woocommerce_thumbnail size-woocommerce_thumbnail\" alt=\"Gift Card \u2013 BeerSpa Session at Luk\u00e1cs Bath (without Bath Ticket)\" srcset=\"https:\/\/thermalbeerspa.com\/wp-content\/uploads\/2022\/05\/Copy-of-Untitled-10-300x300.png 300w, https:\/\/thermalbeerspa.com\/wp-content\/uploads\/2022\/05\/Copy-of-Untitled-10-1024x1024.png 1024w, https:\/\/thermalbeerspa.com\/wp-content\/uploads\/2022\/05\/Copy-of-Untitled-10-150x150.png 150w, https:\/\/thermalbeerspa.com\/wp-content\/uploads\/2022\/05\/Copy-of-Untitled-10-768x768.png 768w, https:\/\/thermalbeerspa.com\/wp-content\/uploads\/2022\/05\/Copy-of-Untitled-10-600x600.png 600w, https:\/\/thermalbeerspa.com\/wp-content\/uploads\/2022\/05\/Copy-of-Untitled-10-100x100.png 100w, https:\/\/thermalbeerspa.com\/wp-content\/uploads\/2022\/05\/Copy-of-Untitled-10.png 1080w\" sizes=\"(max-width: 300px) 100vw, 300px\" \/><\/div><h2 class=\"woocommerce-loop-product__title\">Gift Card \u2013 BeerSpa Session at Luk\u00e1cs Bath (without Bath Ticket)<\/h2>\n\t<span class=\"price\"><span class=\"woocommerce-Price-amount amount\"><bdi><span class=\"woocommerce-Price-currencySymbol\">HUF<\/span>&nbsp;22000<\/bdi><\/span> <span aria-hidden=\"true\">&ndash;<\/span> <span class=\"woocommerce-Price-amount amount\"><bdi><span class=\"woocommerce-Price-currencySymbol\">HUF<\/span>&nbsp;44000<\/bdi><\/span><span class=\"screen-reader-text\">Price range: HUF&nbsp;22000 through HUF&nbsp;44000<\/span><\/span>\n<\/a><a href=\"https:\/\/thermalbeerspa.com\/en\/product\/giftcard-beerspa-session-without-bath-ticket\/\" aria-describedby=\"woocommerce_loop_add_to_cart_link_describedby_142034\" data-quantity=\"1\" class=\"button product_type_gift-card add_to_cart_button\" data-product_id=\"142034\" data-product_sku=\"\" aria-label=\"Read more about &ldquo;Gift Card \u2013 BeerSpa Session at Luk\u00e1cs Bath (without Bath Ticket)&rdquo;\" rel=\"nofollow\">Select options<\/a>\t<span id=\"woocommerce_loop_add_to_cart_link_describedby_142034\" class=\"screen-reader-text\">\n\t\t\t<\/span>\n<span class=\"gtm4wp_productdata\" style=\"display:none; visibility:hidden;\" data-gtm4wp_product_data=\"{&quot;internal_id&quot;:142034,&quot;item_id&quot;:142034,&quot;item_name&quot;:&quot;Gift Card \\u2013 BeerSpa Session at Luk\\u00e1cs Bath (without Bath Ticket)&quot;,&quot;sku&quot;:142034,&quot;price&quot;:0,&quot;stocklevel&quot;:null,&quot;stockstatus&quot;:&quot;instock&quot;,&quot;google_business_vertical&quot;:&quot;retail&quot;,&quot;item_category&quot;:&quot;Gift Card&quot;,&quot;id&quot;:142034,&quot;productlink&quot;:&quot;https:\\\/\\\/thermalbeerspa.com\\\/en\\\/product\\\/giftcard-beerspa-session-without-bath-ticket\\\/&quot;,&quot;item_list_name&quot;:&quot;General Product List&quot;,&quot;index&quot;:3,&quot;product_type&quot;:&quot;gift-card&quot;,&quot;item_brand&quot;:&quot;&quot;}\"><\/span><\/li>\n<li class=\"sales-flash-overlay woocommerce-text-align-center woocommerce-image-align-center do-quantity-buttons product type-product post-142026 status-publish first instock product_cat-gift-card has-post-thumbnail virtual taxable purchasable product-type-gift-card\">\n\t<a href=\"https:\/\/thermalbeerspa.com\/en\/product\/giftcard-ice-bath-introductory-class-beerspa-at-lukacs-bath\/\" class=\"woocommerce-LoopProduct-link woocommerce-loop-product__link\"><div class=\"wpcbm-wrapper wpcbm-wrapper-archive-image\"><img loading=\"lazy\" decoding=\"async\" width=\"300\" height=\"300\" src=\"https:\/\/thermalbeerspa.com\/wp-content\/uploads\/2024\/04\/Copy-of-Untitled-8-1-300x300.png\" class=\"attachment-woocommerce_thumbnail size-woocommerce_thumbnail\" alt=\"Gift Card \u2013 Ice Bath introductory class + BeerSpa at Luk\u00e1cs Bath\" srcset=\"https:\/\/thermalbeerspa.com\/wp-content\/uploads\/2024\/04\/Copy-of-Untitled-8-1-300x300.png 300w, https:\/\/thermalbeerspa.com\/wp-content\/uploads\/2024\/04\/Copy-of-Untitled-8-1-1024x1024.png 1024w, https:\/\/thermalbeerspa.com\/wp-content\/uploads\/2024\/04\/Copy-of-Untitled-8-1-150x150.png 150w, https:\/\/thermalbeerspa.com\/wp-content\/uploads\/2024\/04\/Copy-of-Untitled-8-1-768x768.png 768w, https:\/\/thermalbeerspa.com\/wp-content\/uploads\/2024\/04\/Copy-of-Untitled-8-1-600x600.png 600w, https:\/\/thermalbeerspa.com\/wp-content\/uploads\/2024\/04\/Copy-of-Untitled-8-1-100x100.png 100w, https:\/\/thermalbeerspa.com\/wp-content\/uploads\/2024\/04\/Copy-of-Untitled-8-1.png 1080w\" sizes=\"(max-width: 300px) 100vw, 300px\" \/><\/div><h2 class=\"woocommerce-loop-product__title\">Gift Card \u2013 Ice Bath introductory class + BeerSpa at Luk\u00e1cs Bath<\/h2>\n\t<span class=\"price\"><span class=\"woocommerce-Price-amount amount\"><bdi><span class=\"woocommerce-Price-currencySymbol\">HUF<\/span>&nbsp;30000<\/bdi><\/span> <span aria-hidden=\"true\">&ndash;<\/span> <span class=\"woocommerce-Price-amount amount\"><bdi><span class=\"woocommerce-Price-currencySymbol\">HUF<\/span>&nbsp;60000<\/bdi><\/span><span class=\"screen-reader-text\">Price range: HUF&nbsp;30000 through HUF&nbsp;60000<\/span><\/span>\n<\/a><a href=\"https:\/\/thermalbeerspa.com\/en\/product\/giftcard-ice-bath-introductory-class-beerspa-at-lukacs-bath\/\" aria-describedby=\"woocommerce_loop_add_to_cart_link_describedby_142026\" data-quantity=\"1\" class=\"button product_type_gift-card add_to_cart_button\" data-product_id=\"142026\" data-product_sku=\"\" aria-label=\"Read more about &ldquo;Gift Card \u2013 Ice Bath introductory class + BeerSpa at Luk\u00e1cs Bath&rdquo;\" rel=\"nofollow\">Select options<\/a>\t<span id=\"woocommerce_loop_add_to_cart_link_describedby_142026\" class=\"screen-reader-text\">\n\t\t\t<\/span>\n<span class=\"gtm4wp_productdata\" style=\"display:none; visibility:hidden;\" data-gtm4wp_product_data=\"{&quot;internal_id&quot;:142026,&quot;item_id&quot;:142026,&quot;item_name&quot;:&quot;Gift Card \\u2013 Ice Bath introductory class + BeerSpa at Luk\\u00e1cs Bath&quot;,&quot;sku&quot;:142026,&quot;price&quot;:0,&quot;stocklevel&quot;:null,&quot;stockstatus&quot;:&quot;instock&quot;,&quot;google_business_vertical&quot;:&quot;retail&quot;,&quot;item_category&quot;:&quot;Gift Card&quot;,&quot;id&quot;:142026,&quot;productlink&quot;:&quot;https:\\\/\\\/thermalbeerspa.com\\\/en\\\/product\\\/giftcard-ice-bath-introductory-class-beerspa-at-lukacs-bath\\\/&quot;,&quot;item_list_name&quot;:&quot;General Product List&quot;,&quot;index&quot;:4,&quot;product_type&quot;:&quot;gift-card&quot;,&quot;item_brand&quot;:&quot;&quot;}\"><\/span><\/li>\n<li class=\"sales-flash-overlay woocommerce-text-align-center woocommerce-image-align-center do-quantity-buttons product type-product post-142031 status-publish instock product_cat-gift-card has-post-thumbnail virtual taxable purchasable product-type-gift-card\">\n\t<a href=\"https:\/\/thermalbeerspa.com\/en\/product\/giftcard-ice-bath-introductory-class-at-lukacs-bath\/\" class=\"woocommerce-LoopProduct-link woocommerce-loop-product__link\"><div class=\"wpcbm-wrapper wpcbm-wrapper-archive-image\"><img loading=\"lazy\" decoding=\"async\" width=\"300\" height=\"300\" src=\"https:\/\/thermalbeerspa.com\/wp-content\/uploads\/2024\/01\/nyito2-300x300.jpg\" class=\"attachment-woocommerce_thumbnail size-woocommerce_thumbnail\" alt=\"Gift Card \u2013 Ice Bath Introductory Class at Luk\u00e1cs Bath\" srcset=\"https:\/\/thermalbeerspa.com\/wp-content\/uploads\/2024\/01\/nyito2-300x300.jpg 300w, https:\/\/thermalbeerspa.com\/wp-content\/uploads\/2024\/01\/nyito2-1024x1024.jpg 1024w, https:\/\/thermalbeerspa.com\/wp-content\/uploads\/2024\/01\/nyito2-150x150.jpg 150w, https:\/\/thermalbeerspa.com\/wp-content\/uploads\/2024\/01\/nyito2-768x768.jpg 768w, https:\/\/thermalbeerspa.com\/wp-content\/uploads\/2024\/01\/nyito2-600x600.jpg 600w, https:\/\/thermalbeerspa.com\/wp-content\/uploads\/2024\/01\/nyito2-100x100.jpg 100w, https:\/\/thermalbeerspa.com\/wp-content\/uploads\/2024\/01\/nyito2.jpg 1536w\" sizes=\"(max-width: 300px) 100vw, 300px\" \/><\/div><h2 class=\"woocommerce-loop-product__title\">Gift Card \u2013 Ice Bath Introductory Class at Luk\u00e1cs Bath<\/h2>\n\t<span class=\"price\"><span class=\"woocommerce-Price-amount amount\"><bdi><span class=\"woocommerce-Price-currencySymbol\">HUF<\/span>&nbsp;8000<\/bdi><\/span> <span aria-hidden=\"true\">&ndash;<\/span> <span class=\"woocommerce-Price-amount amount\"><bdi><span class=\"woocommerce-Price-currencySymbol\">HUF<\/span>&nbsp;16000<\/bdi><\/span><span class=\"screen-reader-text\">Price range: HUF&nbsp;8000 through HUF&nbsp;16000<\/span><\/span>\n<\/a><a href=\"https:\/\/thermalbeerspa.com\/en\/product\/giftcard-ice-bath-introductory-class-at-lukacs-bath\/\" aria-describedby=\"woocommerce_loop_add_to_cart_link_describedby_142031\" data-quantity=\"1\" class=\"button product_type_gift-card add_to_cart_button\" data-product_id=\"142031\" data-product_sku=\"\" aria-label=\"Read more about &ldquo;Gift Card \u2013 Ice Bath Introductory Class at Luk\u00e1cs Bath&rdquo;\" rel=\"nofollow\">Select options<\/a>\t<span id=\"woocommerce_loop_add_to_cart_link_describedby_142031\" class=\"screen-reader-text\">\n\t\t\t<\/span>\n<span class=\"gtm4wp_productdata\" style=\"display:none; visibility:hidden;\" data-gtm4wp_product_data=\"{&quot;internal_id&quot;:142031,&quot;item_id&quot;:142031,&quot;item_name&quot;:&quot;Gift Card \\u2013 Ice Bath Introductory Class at Luk\\u00e1cs Bath&quot;,&quot;sku&quot;:142031,&quot;price&quot;:0,&quot;stocklevel&quot;:null,&quot;stockstatus&quot;:&quot;instock&quot;,&quot;google_business_vertical&quot;:&quot;retail&quot;,&quot;item_category&quot;:&quot;Gift Card&quot;,&quot;id&quot;:142031,&quot;productlink&quot;:&quot;https:\\\/\\\/thermalbeerspa.com\\\/en\\\/product\\\/giftcard-ice-bath-introductory-class-at-lukacs-bath\\\/&quot;,&quot;item_list_name&quot;:&quot;General Product List&quot;,&quot;index&quot;:5,&quot;product_type&quot;:&quot;gift-card&quot;,&quot;item_brand&quot;:&quot;&quot;}\"><\/span><\/li>\n<\/ul>\n<\/div>\t\t\t\t<\/div>\n\t\t\t\t<\/div>\n\t\t\t\t\t<\/div>\n\t\t\t\t<\/div>\n\t\t\t\t<\/div>\n\t\t","protected":false},"excerpt":{"rendered":"<p>Beerspa &amp; Icebath gift card Gift unforgettable experiences to your loved ones!\ud83c\udf81Vouchers are valid for 1 year and will be sent via email with a coupon code that can be used for booking on our website.<\/p>\n","protected":false},"author":1,"featured_media":0,"parent":0,"menu_order":0,"comment_status":"closed","ping_status":"closed","template":"elementor_header_footer","meta":{"footnotes":""},"class_list":["post-141159","page","type-page","status-publish"],"_links":{"self":[{"href":"https:\/\/thermalbeerspa.com\/en\/wp-json\/wp\/v2\/pages\/141159","targetHints":{"allow":["GET"]}}],"collection":[{"href":"https:\/\/thermalbeerspa.com\/en\/wp-json\/wp\/v2\/pages"}],"about":[{"href":"https:\/\/thermalbeerspa.com\/en\/wp-json\/wp\/v2\/types\/page"}],"author":[{"embeddable":true,"href":"https:\/\/thermalbeerspa.com\/en\/wp-json\/wp\/v2\/users\/1"}],"replies":[{"embeddable":true,"href":"https:\/\/thermalbeerspa.com\/en\/wp-json\/wp\/v2\/comments?post=141159"}],"version-history":[{"count":0,"href":"https:\/\/thermalbeerspa.com\/en\/wp-json\/wp\/v2\/pages\/141159\/revisions"}],"wp:attachment":[{"href":"https:\/\/thermalbeerspa.com\/en\/wp-json\/wp\/v2\/media?parent=141159"}],"curies":[{"name":"wp","href":"https:\/\/api.w.org\/{rel}","templated":true}]}}